{"id":1130,"date":"2025-11-11T16:46:44","date_gmt":"2025-11-11T15:46:44","guid":{"rendered":"https:\/\/www.chateauvaleyres.ch\/?page_id=1130"},"modified":"2025-12-10T13:03:58","modified_gmt":"2025-12-10T12:03:58","slug":"accueil-test","status":"publish","type":"page","link":"https:\/\/www.chateauvaleyres.ch\/de\/","title":{"rendered":"Accueil"},"content":{"rendered":"\t\t<div data-elementor-type=\"wp-page\" data-elementor-id=\"1130\" class=\"elementor elementor-1130 elementor-1129\" data-elementor-post-type=\"page\">\n\t\t\t\t\t\t<section class=\"elementor-section elementor-top-section elementor-element elementor-element-346d6a28 elementor-section-height-min-height elementor-section-stretched elementor-section-full_width elementor-section-height-default elementor-section-items-middle\" data-id=\"346d6a28\" data-element_type=\"section\" data-settings=\"{&quot;background_background&quot;:&quot;slideshow&quot;,&quot;stretch_section&quot;:&quot;section-stretched&quot;,&quot;background_slideshow_gallery&quot;:[{&quot;id&quot;:957,&quot;url&quot;:&quot;https:\\\/\\\/www.chateauvaleyres.ch\\\/wp-content\\\/uploads\\\/2023\\\/02\\\/sicnl-niseko-154-1.jpg&quot;},{&quot;id&quot;:841,&quot;url&quot;:&quot;https:\\\/\\\/www.chateauvaleyres.ch\\\/wp-content\\\/uploads\\\/2023\\\/01\\\/valeyresniseko-1.jpg&quot;},{&quot;id&quot;:826,&quot;url&quot;:&quot;https:\\\/\\\/www.chateauvaleyres.ch\\\/wp-content\\\/uploads\\\/2023\\\/01\\\/sicnl-niseko-157-1.jpg&quot;},{&quot;id&quot;:832,&quot;url&quot;:&quot;https:\\\/\\\/www.chateauvaleyres.ch\\\/wp-content\\\/uploads\\\/2023\\\/01\\\/valeyresniseko.jpg&quot;},{&quot;id&quot;:1030,&quot;url&quot;:&quot;https:\\\/\\\/www.chateauvaleyres.ch\\\/wp-content\\\/uploads\\\/2023\\\/12\\\/sicnl-niseko-154-1-1-scaled.jpg&quot;}],&quot;background_slideshow_slide_duration&quot;:3000,&quot;background_slideshow_transition_duration&quot;:1000,&quot;background_slideshow_lazyload&quot;:&quot;yes&quot;,&quot;background_slideshow_loop&quot;:&quot;yes&quot;,&quot;background_slideshow_slide_transition&quot;:&quot;fade&quot;}\">\n\t\t\t\t\t\t<div class=\"elementor-container elementor-column-gap-default\">\n\t\t\t\t\t<div class=\"elementor-column elementor-col-100 elementor-top-column elementor-element elementor-element-6c484f8c\" data-id=\"6c484f8c\" data-element_type=\"column\">\n\t\t\t<div class=\"elementor-widget-wrap elementor-element-populated\">\n\t\t\t\t\t\t<div class=\"elementor-element elementor-element-5e788b0 elementor-invisible elementor-widget elementor-widget-heading\" data-id=\"5e788b0\" data-element_type=\"widget\" data-settings=\"{&quot;_animation&quot;:&quot;fadeIn&quot;,&quot;_animation_delay&quot;:100}\" data-widget_type=\"heading.default\">\n\t\t\t\t<div class=\"elementor-widget-container\">\n\t\t\t<h2 class=\"elementor-heading-title elementor-size-default\">Ch\u00e2teau de Valeyres<\/h2>\t\t<\/div>\n\t\t\t\t<\/div>\n\t\t\t\t\t<\/div>\n\t\t<\/div>\n\t\t\t\t\t<\/div>\n\t\t<\/section>\n\t\t\t\t<section class=\"elementor-section elementor-top-section elementor-element elementor-element-14fa825f elementor-section-boxed elementor-section-height-default elementor-section-height-default\" data-id=\"14fa825f\" data-element_type=\"section\" data-settings=\"{&quot;background_background&quot;:&quot;classic&quot;}\">\n\t\t\t\t\t\t<div class=\"elementor-container elementor-column-gap-default\">\n\t\t\t\t\t<div class=\"elementor-column elementor-col-50 elementor-top-column elementor-element elementor-element-e278d1c\" data-id=\"e278d1c\" data-element_type=\"column\">\n\t\t\t<div class=\"elementor-widget-wrap elementor-element-populated\">\n\t\t\t\t\t\t<div class=\"elementor-element elementor-element-4946fff elementor-widget elementor-widget-text-editor\" data-id=\"4946fff\" data-element_type=\"widget\" data-widget_type=\"text-editor.default\">\n\t\t\t\t<div class=\"elementor-widget-container\">\n\t\t\t\t\t\t\t<p>unser Shop<\/p>\t\t\t\t\t\t<\/div>\n\t\t\t\t<\/div>\n\t\t\t\t<div class=\"elementor-element elementor-element-41a9bdf4 elementor-widget elementor-widget-heading\" data-id=\"41a9bdf4\" data-element_type=\"widget\" data-widget_type=\"heading.default\">\n\t\t\t\t<div class=\"elementor-widget-container\">\n\t\t\t<h2 class=\"elementor-heading-title elementor-size-default\">entdecke unsere Weine<\/h2>\t\t<\/div>\n\t\t\t\t<\/div>\n\t\t\t\t<div class=\"elementor-element elementor-element-e03fffa elementor-widget elementor-widget-text-editor\" data-id=\"e03fffa\" data-element_type=\"widget\" data-widget_type=\"text-editor.default\">\n\t\t\t\t<div class=\"elementor-widget-container\">\n\t\t\t\t\t\t\t<p>Authentische Weine von Winzern aus Leidenschaft und ein herzlicher, famili\u00e4rer Empfang sind erlebbares Engagement und Philosophie im Ch\u00e2teau de Valeyres.<\/p><p>Entdecken Sie jetzt unser Sortiment Germination, Confidentiel oder auch unseren ber\u00fchmten &#8222;Le Courson&#8220; in unserem Shop.<\/p>\t\t\t\t\t\t<\/div>\n\t\t\t\t<\/div>\n\t\t\t\t<div class=\"elementor-element elementor-element-3da4d8c elementor-hidden-desktop elementor-widget elementor-widget-image\" data-id=\"3da4d8c\" data-element_type=\"widget\" data-settings=\"{&quot;_animation_mobile&quot;:&quot;fadeInUp&quot;}\" data-widget_type=\"image.default\">\n\t\t\t\t<div class=\"elementor-widget-container\">\n\t\t\t\t\t\t\t\t\t\t\t\t\t<img fetchpriority=\"high\" decoding=\"async\" width=\"875\" height=\"800\" src=\"https:\/\/www.chateauvaleyres.ch\/wp-content\/uploads\/2022\/12\/Group-9-e1671541000366.png\" class=\"attachment-large size-large wp-image-521\" alt=\"\" \/>\t\t\t\t\t\t\t\t\t\t\t\t\t<\/div>\n\t\t\t\t<\/div>\n\t\t\t\t<div class=\"elementor-element elementor-element-70e6b36a elementor-widget elementor-widget-button\" data-id=\"70e6b36a\" data-element_type=\"widget\" data-settings=\"{&quot;_animation_mobile&quot;:&quot;fadeIn&quot;}\" data-widget_type=\"button.default\">\n\t\t\t\t<div class=\"elementor-widget-container\">\n\t\t\t\t\t<div class=\"elementor-button-wrapper\">\n\t\t\t<a class=\"elementor-button elementor-button-link elementor-size-sm\" href=\"https:\/\/shop.chateauvaleyres.ch\/fr\/2-accueil\">\n\t\t\t\t\t\t<span class=\"elementor-button-content-wrapper\">\n\t\t\t\t\t\t<span class=\"elementor-button-icon\">\n\t\t\t\t<svg xmlns=\"http:\/\/www.w3.org\/2000\/svg\" width=\"28\" height=\"9\" viewBox=\"0 0 28 9\" fill=\"none\"><path d=\"M27.8536 4.85355C28.0488 4.65829 28.0488 4.34171 27.8536 4.14645L24.6716 0.964466C24.4763 0.769204 24.1597 0.769204 23.9645 0.964466C23.7692 1.15973 23.7692 1.47631 23.9645 1.67157L26.7929 4.5L23.9645 7.32843C23.7692 7.52369 23.7692 7.84027 23.9645 8.03553C24.1597 8.2308 24.4763 8.2308 24.6716 8.03553L27.8536 4.85355ZM0.5 5H27.5V4H0.5V5Z\" fill=\"#35542C\"><\/path><\/svg>\t\t\t<\/span>\n\t\t\t\t\t\t\t\t\t<span class=\"elementor-button-text\">Unsere Weine<\/span>\n\t\t\t\t\t<\/span>\n\t\t\t\t\t<\/a>\n\t\t<\/div>\n\t\t\t\t<\/div>\n\t\t\t\t<\/div>\n\t\t\t\t\t<\/div>\n\t\t<\/div>\n\t\t\t\t<div class=\"elementor-column elementor-col-50 elementor-top-column elementor-element elementor-element-59d6f4b8 elementor-hidden-mobile elementor-hidden-tablet\" data-id=\"59d6f4b8\" data-element_type=\"column\">\n\t\t\t<div class=\"elementor-widget-wrap elementor-element-populated\">\n\t\t\t\t\t\t<section class=\"elementor-section elementor-inner-section elementor-element elementor-element-3383ef8 elementor-section-height-min-height elementor-section-boxed elementor-section-height-default\" data-id=\"3383ef8\" data-element_type=\"section\" data-settings=\"{&quot;background_background&quot;:&quot;classic&quot;}\">\n\t\t\t\t\t\t\t<div class=\"elementor-background-overlay\"><\/div>\n\t\t\t\t\t\t\t<div class=\"elementor-container elementor-column-gap-default\">\n\t\t\t\t\t<div class=\"elementor-column elementor-col-33 elementor-inner-column elementor-element elementor-element-51d3a4a\" data-id=\"51d3a4a\" data-element_type=\"column\">\n\t\t\t<div class=\"elementor-widget-wrap elementor-element-populated\">\n\t\t\t\t\t\t<div class=\"elementor-element elementor-element-b810354 elementor-widget elementor-widget-image\" data-id=\"b810354\" data-element_type=\"widget\" data-settings=\"{&quot;motion_fx_motion_fx_scrolling&quot;:&quot;yes&quot;,&quot;motion_fx_translateY_effect&quot;:&quot;yes&quot;,&quot;motion_fx_translateY_speed&quot;:{&quot;unit&quot;:&quot;px&quot;,&quot;size&quot;:1.9,&quot;sizes&quot;:[]},&quot;motion_fx_translateY_affectedRange&quot;:{&quot;unit&quot;:&quot;%&quot;,&quot;size&quot;:&quot;&quot;,&quot;sizes&quot;:{&quot;start&quot;:0,&quot;end&quot;:100}},&quot;motion_fx_devices&quot;:[&quot;desktop&quot;,&quot;tablet&quot;,&quot;mobile&quot;]}\" data-widget_type=\"image.default\">\n\t\t\t\t<div class=\"elementor-widget-container\">\n\t\t\t\t\t\t\t\t\t\t\t\t\t<img decoding=\"async\" width=\"186\" height=\"578\" src=\"https:\/\/www.chateauvaleyres.ch\/wp-content\/uploads\/2022\/11\/germination-blanc-2021-1-1.png\" class=\"attachment-full size-full wp-image-356\" alt=\"\" srcset=\"https:\/\/www.chateauvaleyres.ch\/wp-content\/uploads\/2022\/11\/germination-blanc-2021-1-1.png 186w, https:\/\/www.chateauvaleyres.ch\/wp-content\/uploads\/2022\/11\/germination-blanc-2021-1-1-97x300.png 97w\" sizes=\"(max-width: 186px) 100vw, 186px\" \/>\t\t\t\t\t\t\t\t\t\t\t\t\t<\/div>\n\t\t\t\t<\/div>\n\t\t\t\t\t<\/div>\n\t\t<\/div>\n\t\t\t\t<div class=\"elementor-column elementor-col-33 elementor-inner-column elementor-element elementor-element-fd749be\" data-id=\"fd749be\" data-element_type=\"column\">\n\t\t\t<div class=\"elementor-widget-wrap elementor-element-populated\">\n\t\t\t\t\t\t<div class=\"elementor-element elementor-element-b22ad5e elementor-widget elementor-widget-image\" data-id=\"b22ad5e\" data-element_type=\"widget\" data-settings=\"{&quot;motion_fx_motion_fx_scrolling&quot;:&quot;yes&quot;,&quot;motion_fx_translateY_effect&quot;:&quot;yes&quot;,&quot;motion_fx_translateY_speed&quot;:{&quot;unit&quot;:&quot;px&quot;,&quot;size&quot;:1,&quot;sizes&quot;:[]},&quot;motion_fx_translateY_affectedRange&quot;:{&quot;unit&quot;:&quot;%&quot;,&quot;size&quot;:&quot;&quot;,&quot;sizes&quot;:{&quot;start&quot;:0,&quot;end&quot;:100}},&quot;motion_fx_devices&quot;:[&quot;desktop&quot;,&quot;tablet&quot;,&quot;mobile&quot;]}\" data-widget_type=\"image.default\">\n\t\t\t\t<div class=\"elementor-widget-container\">\n\t\t\t\t\t\t\t\t\t\t\t\t\t<img decoding=\"async\" width=\"288\" height=\"1014\" src=\"https:\/\/www.chateauvaleyres.ch\/wp-content\/uploads\/2022\/12\/merlot-confidentiel-2020-e1670510217112.png\" class=\"attachment-full size-full wp-image-394\" alt=\"\" srcset=\"https:\/\/www.chateauvaleyres.ch\/wp-content\/uploads\/2022\/12\/merlot-confidentiel-2020-e1670510217112.png 288w, https:\/\/www.chateauvaleyres.ch\/wp-content\/uploads\/2022\/12\/merlot-confidentiel-2020-e1670510217112-85x300.png 85w\" sizes=\"(max-width: 288px) 100vw, 288px\" \/>\t\t\t\t\t\t\t\t\t\t\t\t\t<\/div>\n\t\t\t\t<\/div>\n\t\t\t\t\t<\/div>\n\t\t<\/div>\n\t\t\t\t<div class=\"elementor-column elementor-col-33 elementor-inner-column elementor-element elementor-element-f649154\" data-id=\"f649154\" data-element_type=\"column\">\n\t\t\t<div class=\"elementor-widget-wrap elementor-element-populated\">\n\t\t\t\t\t\t<div class=\"elementor-element elementor-element-5db2fe9 elementor-widget elementor-widget-image\" data-id=\"5db2fe9\" data-element_type=\"widget\" data-settings=\"{&quot;motion_fx_motion_fx_scrolling&quot;:&quot;yes&quot;,&quot;motion_fx_translateY_effect&quot;:&quot;yes&quot;,&quot;motion_fx_translateY_speed&quot;:{&quot;unit&quot;:&quot;px&quot;,&quot;size&quot;:1.9,&quot;sizes&quot;:[]},&quot;motion_fx_translateY_affectedRange&quot;:{&quot;unit&quot;:&quot;%&quot;,&quot;size&quot;:&quot;&quot;,&quot;sizes&quot;:{&quot;start&quot;:0,&quot;end&quot;:100}},&quot;motion_fx_devices&quot;:[&quot;desktop&quot;,&quot;tablet&quot;,&quot;mobile&quot;]}\" data-widget_type=\"image.default\">\n\t\t\t\t<div class=\"elementor-widget-container\">\n\t\t\t\t\t\t\t\t\t\t\t\t\t<img loading=\"lazy\" decoding=\"async\" width=\"231\" height=\"897\" src=\"https:\/\/www.chateauvaleyres.ch\/wp-content\/uploads\/2022\/12\/le-courson-2022-e1670510347510.png\" class=\"attachment-full size-full wp-image-396\" alt=\"\" srcset=\"https:\/\/www.chateauvaleyres.ch\/wp-content\/uploads\/2022\/12\/le-courson-2022-e1670510347510.png 231w, https:\/\/www.chateauvaleyres.ch\/wp-content\/uploads\/2022\/12\/le-courson-2022-e1670510347510-77x300.png 77w\" sizes=\"(max-width: 231px) 100vw, 231px\" \/>\t\t\t\t\t\t\t\t\t\t\t\t\t<\/div>\n\t\t\t\t<\/div>\n\t\t\t\t\t<\/div>\n\t\t<\/div>\n\t\t\t\t\t<\/div>\n\t\t<\/section>\n\t\t\t\t\t<\/div>\n\t\t<\/div>\n\t\t\t\t\t<\/div>\n\t\t<\/section>\n\t\t\t\t<section class=\"elementor-section elementor-top-section elementor-element elementor-element-639755fb elementor-section-height-min-height elementor-section-items-stretch elementor-section-stretched elementor-section-boxed elementor-section-height-default\" data-id=\"639755fb\" data-element_type=\"section\" data-settings=\"{&quot;background_background&quot;:&quot;classic&quot;,&quot;stretch_section&quot;:&quot;section-stretched&quot;}\">\n\t\t\t\t\t\t\t<div class=\"elementor-background-overlay\"><\/div>\n\t\t\t\t\t\t\t<div class=\"elementor-container elementor-column-gap-default\">\n\t\t\t\t\t<div class=\"elementor-column elementor-col-100 elementor-top-column elementor-element elementor-element-6889a761\" data-id=\"6889a761\" data-element_type=\"column\">\n\t\t\t<div class=\"elementor-widget-wrap elementor-element-populated\">\n\t\t\t\t\t\t<section class=\"elementor-section elementor-inner-section elementor-element elementor-element-69626d2f elementor-section-content-middle elementor-section-boxed elementor-section-height-default elementor-section-height-default\" data-id=\"69626d2f\" data-element_type=\"section\">\n\t\t\t\t\t\t<div class=\"elementor-container elementor-column-gap-default\">\n\t\t\t\t\t<div class=\"elementor-column elementor-col-33 elementor-inner-column elementor-element elementor-element-7d50a617\" data-id=\"7d50a617\" data-element_type=\"column\">\n\t\t\t<div class=\"elementor-widget-wrap\">\n\t\t\t\t\t\t\t<\/div>\n\t\t<\/div>\n\t\t\t\t<div class=\"elementor-column elementor-col-33 elementor-inner-column elementor-element elementor-element-4e898301\" data-id=\"4e898301\" data-element_type=\"column\">\n\t\t\t<div class=\"elementor-widget-wrap elementor-element-populated\">\n\t\t\t\t\t\t<div class=\"elementor-element elementor-element-33c92ee3 elementor-widget elementor-widget-text-editor\" data-id=\"33c92ee3\" data-element_type=\"widget\" data-widget_type=\"text-editor.default\">\n\t\t\t\t<div class=\"elementor-widget-container\">\n\t\t\t\t\t\t\t<p>Ch\u00e2teau de valeyres<\/p>\t\t\t\t\t\t<\/div>\n\t\t\t\t<\/div>\n\t\t\t\t<div class=\"elementor-element elementor-element-7841816c elementor-widget elementor-widget-heading\" data-id=\"7841816c\" data-element_type=\"widget\" data-widget_type=\"heading.default\">\n\t\t\t\t<div class=\"elementor-widget-container\">\n\t\t\t<h2 class=\"elementor-heading-title elementor-size-default\">Pr\u00e9sentation<\/h2>\t\t<\/div>\n\t\t\t\t<\/div>\n\t\t\t\t<div class=\"elementor-element elementor-element-499d7f7f elementor-widget elementor-widget-text-editor\" data-id=\"499d7f7f\" data-element_type=\"widget\" data-widget_type=\"text-editor.default\">\n\t\t\t\t<div class=\"elementor-widget-container\">\n\t\t\t\t\t\t\t<p>Der Rebbauer und \u00d6nologe <strong>Benjamin Morel<\/strong>, in dritter Generation auf dem Ch\u00e2teau de Valeyres, respektiert das Erbe seiner Vorfahren. Mit dieser Ausrichtung entwickelt er in enger Zusammenarbeit mit dem Rebbau-Meister <g id=\"gid_1\">Fr\u00e9d\u00e9ric Hostettler<\/g>, seinem Jugendfreund, die Produktlinie \u00abConfidentiel\u00bb. Dies mit der Idee, die Kompetenzen zu verkn\u00fcpfen, mit sorgf\u00e4ltigem Einsatz der Arbeitsmittel Reben im Einklang mit der Umwelt zu kultivieren, um so Weine herzustellen zu k\u00f6nnen, die durch ihre Komplexit\u00e4t begeistern.  <\/p>\t\t\t\t\t\t<\/div>\n\t\t\t\t<\/div>\n\t\t\t\t<div class=\"elementor-element elementor-element-2631dc77 elementor-widget elementor-widget-button\" data-id=\"2631dc77\" data-element_type=\"widget\" data-widget_type=\"button.default\">\n\t\t\t\t<div class=\"elementor-widget-container\">\n\t\t\t\t\t<div class=\"elementor-button-wrapper\">\n\t\t\t<a class=\"elementor-button elementor-button-link elementor-size-sm\" href=\"https:\/\/www.chateauvaleyres.ch\/de\/presentation\/\">\n\t\t\t\t\t\t<span class=\"elementor-button-content-wrapper\">\n\t\t\t\t\t\t<span class=\"elementor-button-icon\">\n\t\t\t\t<svg xmlns=\"http:\/\/www.w3.org\/2000\/svg\" width=\"28\" height=\"9\" viewBox=\"0 0 28 9\" fill=\"none\"><path d=\"M27.8536 4.85355C28.0488 4.65829 28.0488 4.34171 27.8536 4.14645L24.6716 0.964466C24.4763 0.769204 24.1597 0.769204 23.9645 0.964466C23.7692 1.15973 23.7692 1.47631 23.9645 1.67157L26.7929 4.5L23.9645 7.32843C23.7692 7.52369 23.7692 7.84027 23.9645 8.03553C24.1597 8.2308 24.4763 8.2308 24.6716 8.03553L27.8536 4.85355ZM0.5 5H27.5V4H0.5V5Z\" fill=\"#35542C\"><\/path><\/svg>\t\t\t<\/span>\n\t\t\t\t\t\t\t\t\t<span class=\"elementor-button-text\">Pr\u00e4sentation<\/span>\n\t\t\t\t\t<\/span>\n\t\t\t\t\t<\/a>\n\t\t<\/div>\n\t\t\t\t<\/div>\n\t\t\t\t<\/div>\n\t\t\t\t\t<\/div>\n\t\t<\/div>\n\t\t\t\t<div class=\"elementor-column elementor-col-33 elementor-inner-column elementor-element elementor-element-747a109a\" data-id=\"747a109a\" data-element_type=\"column\">\n\t\t\t<div class=\"elementor-widget-wrap\">\n\t\t\t\t\t\t\t<\/div>\n\t\t<\/div>\n\t\t\t\t\t<\/div>\n\t\t<\/section>\n\t\t\t\t<div class=\"elementor-element elementor-element-69d9f12f elementor-widget__width-initial elementor-widget elementor-widget-heading\" data-id=\"69d9f12f\" data-element_type=\"widget\" data-widget_type=\"heading.default\">\n\t\t\t\t<div class=\"elementor-widget-container\">\n\t\t\t<h2 class=\"elementor-heading-title elementor-size-default\">\u201eEin Wein muss, was auch immer man dar\u00fcber denkt, Pers\u00f6nlichkeit haben. Ihn zu m\u00f6gen, ist etwas ganz Individuelles.\u201c<\/h2>\t\t<\/div>\n\t\t\t\t<\/div>\n\t\t\t\t\t<\/div>\n\t\t<\/div>\n\t\t\t\t\t<\/div>\n\t\t<\/section>\n\t\t\t\t<section class=\"elementor-section elementor-top-section elementor-element elementor-element-aeae879 elementor-section-full_width elementor-section-height-min-height elementor-section-items-stretch elementor-section-stretched elementor-section-height-default\" data-id=\"aeae879\" data-element_type=\"section\" data-settings=\"{&quot;stretch_section&quot;:&quot;section-stretched&quot;}\">\n\t\t\t\t\t\t<div class=\"elementor-container elementor-column-gap-no\">\n\t\t\t\t\t<div class=\"elementor-column elementor-col-33 elementor-top-column elementor-element elementor-element-14b29a54\" data-id=\"14b29a54\" data-element_type=\"column\" data-settings=\"{&quot;background_background&quot;:&quot;classic&quot;}\">\n\t\t\t<div class=\"elementor-widget-wrap\">\n\t\t\t\t\t\t\t<\/div>\n\t\t<\/div>\n\t\t\t\t<div class=\"elementor-column elementor-col-33 elementor-top-column elementor-element elementor-element-6ea39eb4\" data-id=\"6ea39eb4\" data-element_type=\"column\" data-settings=\"{&quot;background_background&quot;:&quot;classic&quot;}\">\n\t\t\t<div class=\"elementor-widget-wrap\">\n\t\t\t\t\t\t\t<\/div>\n\t\t<\/div>\n\t\t\t\t<div class=\"elementor-column elementor-col-33 elementor-top-column elementor-element elementor-element-29ab32ba\" data-id=\"29ab32ba\" data-element_type=\"column\" data-settings=\"{&quot;background_background&quot;:&quot;classic&quot;}\">\n\t\t\t<div class=\"elementor-widget-wrap\">\n\t\t\t\t\t\t\t<\/div>\n\t\t<\/div>\n\t\t\t\t\t<\/div>\n\t\t<\/section>\n\t\t\t\t<\/div>\n\t\t","protected":false},"excerpt":{"rendered":"<p>Authentische Weine von Winzern aus Leidenschaft und ein herzlicher, famili\u00e4rer Empfang sind erlebbares Engagement und Philosophie im Ch\u00e2teau de Valeyres.<\/p>\n","protected":false},"author":2,"featured_media":0,"parent":0,"menu_order":0,"comment_status":"closed","ping_status":"closed","template":"","meta":{"footnotes":""},"class_list":["post-1130","page","type-page","status-publish","hentry"],"_links":{"self":[{"href":"https:\/\/www.chateauvaleyres.ch\/de\/wp-json\/wp\/v2\/pages\/1130","targetHints":{"allow":["GET"]}}],"collection":[{"href":"https:\/\/www.chateauvaleyres.ch\/de\/wp-json\/wp\/v2\/pages"}],"about":[{"href":"https:\/\/www.chateauvaleyres.ch\/de\/wp-json\/wp\/v2\/types\/page"}],"author":[{"embeddable":true,"href":"https:\/\/www.chateauvaleyres.ch\/de\/wp-json\/wp\/v2\/users\/2"}],"replies":[{"embeddable":true,"href":"https:\/\/www.chateauvaleyres.ch\/de\/wp-json\/wp\/v2\/comments?post=1130"}],"version-history":[{"count":6,"href":"https:\/\/www.chateauvaleyres.ch\/de\/wp-json\/wp\/v2\/pages\/1130\/revisions"}],"predecessor-version":[{"id":1408,"href":"https:\/\/www.chateauvaleyres.ch\/de\/wp-json\/wp\/v2\/pages\/1130\/revisions\/1408"}],"wp:attachment":[{"href":"https:\/\/www.chateauvaleyres.ch\/de\/wp-json\/wp\/v2\/media?parent=1130"}],"curies":[{"name":"wp","href":"https:\/\/api.w.org\/{rel}","templated":true}]}}