{"id":1330,"date":"2025-11-11T16:52:11","date_gmt":"2025-11-11T15:52:11","guid":{"rendered":"https:\/\/www.chateauvaleyres.ch\/recompenses\/"},"modified":"2025-11-13T10:07:45","modified_gmt":"2025-11-13T09:07:45","slug":"recompenses","status":"publish","type":"page","link":"https:\/\/www.chateauvaleyres.ch\/en\/recompenses\/","title":{"rendered":"R\u00e9compenses"},"content":{"rendered":"\t\t<div data-elementor-type=\"wp-page\" data-elementor-id=\"1330\" class=\"elementor elementor-1330 elementor-1154\" data-elementor-post-type=\"page\">\n\t\t\t\t\t\t<section class=\"elementor-section elementor-top-section elementor-element elementor-element-036eb9f elementor-section-full_width elementor-section-stretched elementor-section-height-min-height elementor-section-height-default elementor-section-items-middle\" data-id=\"036eb9f\" data-element_type=\"section\" data-settings=\"{&quot;stretch_section&quot;:&quot;section-stretched&quot;,&quot;background_background&quot;:&quot;slideshow&quot;,&quot;background_slideshow_gallery&quot;:[{&quot;id&quot;:1238,&quot;url&quot;:&quot;https:\\\/\\\/www.chateauvaleyres.ch\\\/wp-content\\\/uploads\\\/2025\\\/11\\\/scc83-1-Compressify.io_.webp&quot;},{&quot;id&quot;:1241,&quot;url&quot;:&quot;https:\\\/\\\/www.chateauvaleyres.ch\\\/wp-content\\\/uploads\\\/2025\\\/11\\\/Chateau_de_Valeyres_80.jpg&quot;},{&quot;id&quot;:1247,&quot;url&quot;:&quot;https:\\\/\\\/www.chateauvaleyres.ch\\\/wp-content\\\/uploads\\\/2025\\\/11\\\/gpvs-fotowand-55sds-1-Compressify.io_.webp&quot;}],&quot;background_slideshow_slide_transition&quot;:&quot;slide_right&quot;,&quot;background_slideshow_loop&quot;:&quot;yes&quot;,&quot;background_slideshow_slide_duration&quot;:5000,&quot;background_slideshow_transition_duration&quot;:500}\">\n\t\t\t\t\t\t<div class=\"elementor-container elementor-column-gap-default\">\n\t\t\t\t\t<div class=\"elementor-column elementor-col-100 elementor-top-column elementor-element elementor-element-b0f57f4\" data-id=\"b0f57f4\" data-element_type=\"column\">\n\t\t\t<div class=\"elementor-widget-wrap\">\n\t\t\t\t\t\t\t<\/div>\n\t\t<\/div>\n\t\t\t\t\t<\/div>\n\t\t<\/section>\n\t\t\t\t<section class=\"elementor-section elementor-top-section elementor-element elementor-element-6e6c258 elementor-section-boxed elementor-section-height-default elementor-section-height-default\" data-id=\"6e6c258\" data-element_type=\"section\">\n\t\t\t\t\t\t<div class=\"elementor-container elementor-column-gap-default\">\n\t\t\t\t\t<div class=\"elementor-column elementor-col-100 elementor-top-column elementor-element elementor-element-f9f02d4\" data-id=\"f9f02d4\" data-element_type=\"column\">\n\t\t\t<div class=\"elementor-widget-wrap elementor-element-populated\">\n\t\t\t\t\t\t<div class=\"elementor-element elementor-element-8f1bf43 elementor-widget elementor-widget-heading\" data-id=\"8f1bf43\" data-element_type=\"widget\" data-widget_type=\"heading.default\">\n\t\t\t\t<div class=\"elementor-widget-container\">\n\t\t\t<h2 class=\"elementor-heading-title elementor-size-default\">Nos vins m\u00e9daill\u00e9s en 2025<\/h2>\t\t<\/div>\n\t\t\t\t<\/div>\n\t\t\t\t<div class=\"elementor-element elementor-element-26e328a elementor-invisible elementor-widget elementor-widget-text-editor\" data-id=\"26e328a\" data-element_type=\"widget\" data-settings=\"{&quot;_animation&quot;:&quot;fadeIn&quot;}\" data-widget_type=\"text-editor.default\">\n\t\t\t\t<div class=\"elementor-widget-container\">\n\t\t\t\t\t\t\t<p>The Cave du Ch\u00e2teau de Valeyres shines once again this year with outstanding awards, a testament to the hard work carried out throughout the year and the team\u2019s expertise. The estate continues to proudly represent the C\u00f4tes de l\u2019Orbe and showcase the terroir of the northern Vaud region. <\/p>\t\t\t\t\t\t<\/div>\n\t\t\t\t<\/div>\n\t\t\t\t<div class=\"elementor-element elementor-element-5a46070 elementor-invisible elementor-widget elementor-widget-text-editor\" data-id=\"5a46070\" data-element_type=\"widget\" data-settings=\"{&quot;_animation&quot;:&quot;fadeIn&quot;}\" data-widget_type=\"text-editor.default\">\n\t\t\t\t<div class=\"elementor-widget-container\">\n\t\t\t\t\t\t\t<p><em>Cliquez sur un vin pour \u00eatre redirig\u00e9 vers la boutique.<\/em><\/p>\t\t\t\t\t\t<\/div>\n\t\t\t\t<\/div>\n\t\t\t\t\t<\/div>\n\t\t<\/div>\n\t\t\t\t\t<\/div>\n\t\t<\/section>\n\t\t\t\t<section class=\"elementor-section elementor-top-section elementor-element elementor-element-c0d1f86 elementor-section-boxed elementor-section-height-default elementor-section-height-default\" data-id=\"c0d1f86\" data-element_type=\"section\">\n\t\t\t\t\t\t<div class=\"elementor-container elementor-column-gap-default\">\n\t\t\t\t\t<div class=\"elementor-column elementor-col-100 elementor-top-column elementor-element elementor-element-362e1ae\" data-id=\"362e1ae\" data-element_type=\"column\">\n\t\t\t<div class=\"elementor-widget-wrap elementor-element-populated\">\n\t\t\t\t\t\t<div class=\"elementor-element elementor-element-5a62f95 elementor-widget elementor-widget-heading\" data-id=\"5a62f95\" data-element_type=\"widget\" data-widget_type=\"heading.default\">\n\t\t\t\t<div class=\"elementor-widget-container\">\n\t\t\t<h2 class=\"elementor-heading-title elementor-size-default\">Grand prix des vins Suisse m\u00e9daille d'or<\/h2>\t\t<\/div>\n\t\t\t\t<\/div>\n\t\t\t\t<div class=\"elementor-element elementor-element-6263461 elementor-invisible elementor-widget elementor-widget-text-editor\" data-id=\"6263461\" data-element_type=\"widget\" data-settings=\"{&quot;_animation&quot;:&quot;fadeIn&quot;}\" data-widget_type=\"text-editor.default\">\n\t\t\t\t<div class=\"elementor-widget-container\">\n\t\t\t\t\t\t\t<ul><li><a href=\"https:\/\/shop.chateauvaleyres.ch\/fr\/accueil\/28-97-reserve-st-jacques-2024.html#\/29-contenance-70_cl\">R\u00e9serve St-Jacques<\/a><\/li><li><a href=\"https:\/\/shop.chateauvaleyres.ch\/fr\/accueil\/27-103-ovalis-2024.html#\/29-contenance-70_cl\">Ovalis<\/a><\/li><li><a href=\"https:\/\/shop.chateauvaleyres.ch\/fr\/accueil\/30-104-germination-blanc-2024.html#\/26-contenance-50_cl\">Germination blanc<\/a><\/li><\/ul>\t\t\t\t\t\t<\/div>\n\t\t\t\t<\/div>\n\t\t\t\t\t<\/div>\n\t\t<\/div>\n\t\t\t\t\t<\/div>\n\t\t<\/section>\n\t\t\t\t<section class=\"elementor-section elementor-top-section elementor-element elementor-element-a2101d5 elementor-section-boxed elementor-section-height-default elementor-section-height-default\" data-id=\"a2101d5\" data-element_type=\"section\">\n\t\t\t\t\t\t<div class=\"elementor-container elementor-column-gap-default\">\n\t\t\t\t\t<div class=\"elementor-column elementor-col-100 elementor-top-column elementor-element elementor-element-500e8e7\" data-id=\"500e8e7\" data-element_type=\"column\">\n\t\t\t<div class=\"elementor-widget-wrap elementor-element-populated\">\n\t\t\t\t\t\t<div class=\"elementor-element elementor-element-cf52067 elementor-widget elementor-widget-heading\" data-id=\"cf52067\" data-element_type=\"widget\" data-widget_type=\"heading.default\">\n\t\t\t\t<div class=\"elementor-widget-container\">\n\t\t\t<h2 class=\"elementor-heading-title elementor-size-default\">Mondial du Chasselas m\u00e9daille d'or<\/h2>\t\t<\/div>\n\t\t\t\t<\/div>\n\t\t\t\t<div class=\"elementor-element elementor-element-16ba571 elementor-invisible elementor-widget elementor-widget-text-editor\" data-id=\"16ba571\" data-element_type=\"widget\" data-settings=\"{&quot;_animation&quot;:&quot;fadeIn&quot;}\" data-widget_type=\"text-editor.default\">\n\t\t\t\t<div class=\"elementor-widget-container\">\n\t\t\t\t\t\t\t<ul><li><a href=\"https:\/\/shop.chateauvaleyres.ch\/fr\/accueil\/26-95-prelude-2024.html#\/29-contenance-70_cl\">Pr\u00e9lude<\/a><\/li><\/ul>\t\t\t\t\t\t<\/div>\n\t\t\t\t<\/div>\n\t\t\t\t\t<\/div>\n\t\t<\/div>\n\t\t\t\t\t<\/div>\n\t\t<\/section>\n\t\t\t\t<section class=\"elementor-section elementor-top-section elementor-element elementor-element-9525d53 elementor-section-boxed elementor-section-height-default elementor-section-height-default\" data-id=\"9525d53\" data-element_type=\"section\">\n\t\t\t\t\t\t<div class=\"elementor-container elementor-column-gap-default\">\n\t\t\t\t\t<div class=\"elementor-column elementor-col-100 elementor-top-column elementor-element elementor-element-4f5fbb8\" data-id=\"4f5fbb8\" data-element_type=\"column\">\n\t\t\t<div class=\"elementor-widget-wrap elementor-element-populated\">\n\t\t\t\t\t\t<div class=\"elementor-element elementor-element-b2e4bed elementor-widget elementor-widget-heading\" data-id=\"b2e4bed\" data-element_type=\"widget\" data-widget_type=\"heading.default\">\n\t\t\t\t<div class=\"elementor-widget-container\">\n\t\t\t<h2 class=\"elementor-heading-title elementor-size-default\">Mondial du Pinot m\u00e9daille d'or<\/h2>\t\t<\/div>\n\t\t\t\t<\/div>\n\t\t\t\t<div class=\"elementor-element elementor-element-3ea97d8 elementor-invisible elementor-widget elementor-widget-text-editor\" data-id=\"3ea97d8\" data-element_type=\"widget\" data-settings=\"{&quot;_animation&quot;:&quot;fadeIn&quot;}\" data-widget_type=\"text-editor.default\">\n\t\t\t\t<div class=\"elementor-widget-container\">\n\t\t\t\t\t\t\t<ul><li><a href=\"https:\/\/shop.chateauvaleyres.ch\/fr\/accueil\/38-70-la-cuvee-du-baron-2023.html#\/29-contenance-70_cl\">Pinot Cuv\u00e9e du Baron<\/a><\/li><li><a href=\"https:\/\/shop.chateauvaleyres.ch\/fr\/accueil\/41-85-pinot-confidentiel-2023.html#\/30-contenance-75_cl\">Pinot Confidentiel<\/a><\/li><li><a href=\"https:\/\/shop.chateauvaleyres.ch\/fr\/accueil\/25-94-baron-blanc-2024.html#\/29-contenance-70_cl\">Baron blanc Pinot blanc<\/a><\/li><li><a href=\"https:\/\/shop.chateauvaleyres.ch\/fr\/accueil\/36-51-cuvee-charles-david-2023.html#\/29-contenance-70_cl\">Ass. Charles-David <\/a><\/li><\/ul>\t\t\t\t\t\t<\/div>\n\t\t\t\t<\/div>\n\t\t\t\t\t<\/div>\n\t\t<\/div>\n\t\t\t\t\t<\/div>\n\t\t<\/section>\n\t\t\t\t<section class=\"elementor-section elementor-top-section elementor-element elementor-element-d004acf elementor-section-boxed elementor-section-height-default elementor-section-height-default\" data-id=\"d004acf\" data-element_type=\"section\">\n\t\t\t\t\t\t<div class=\"elementor-container elementor-column-gap-default\">\n\t\t\t\t\t<div class=\"elementor-column elementor-col-100 elementor-top-column elementor-element elementor-element-a0c667c\" data-id=\"a0c667c\" data-element_type=\"column\">\n\t\t\t<div class=\"elementor-widget-wrap elementor-element-populated\">\n\t\t\t\t\t\t<div class=\"elementor-element elementor-element-860ecfe elementor-widget elementor-widget-heading\" data-id=\"860ecfe\" data-element_type=\"widget\" data-widget_type=\"heading.default\">\n\t\t\t\t<div class=\"elementor-widget-container\">\n\t\t\t<h2 class=\"elementor-heading-title elementor-size-default\">S\u00e9lection des Vins Vaudois m\u00e9daille d'or<\/h2>\t\t<\/div>\n\t\t\t\t<\/div>\n\t\t\t\t<div class=\"elementor-element elementor-element-8183a14 elementor-invisible elementor-widget elementor-widget-text-editor\" data-id=\"8183a14\" data-element_type=\"widget\" data-settings=\"{&quot;_animation&quot;:&quot;fadeIn&quot;}\" data-widget_type=\"text-editor.default\">\n\t\t\t\t<div class=\"elementor-widget-container\">\n\t\t\t\t\t\t\t<ul><li><a href=\"https:\/\/shop.chateauvaleyres.ch\/fr\/accueil\/39-73-de-gallera-2023.html#\/29-contenance-70_cl\">De Gallera<\/a><\/li><li><a href=\"https:\/\/shop.chateauvaleyres.ch\/fr\/accueil\/40-82-gamay-confidentiel-2023.html#\/30-contenance-75_cl\">Gamay Confidentiel<\/a><\/li><li><a href=\"https:\/\/shop.chateauvaleyres.ch\/fr\/accueil\/31-111-chardonnay-confidentiel-2023.html#\/30-contenance-75_cl\">Chardonnay Confidentiel<\/a><\/li><li><a href=\"https:\/\/shop.chateauvaleyres.ch\/fr\/accueil\/26-95-prelude-2024.html#\/29-contenance-70_cl\">Pr\u00e9lude<\/a><\/li><\/ul><p> <\/p>\t\t\t\t\t\t<\/div>\n\t\t\t\t<\/div>\n\t\t\t\t\t<\/div>\n\t\t<\/div>\n\t\t\t\t\t<\/div>\n\t\t<\/section>\n\t\t\t\t<section class=\"elementor-section elementor-top-section elementor-element elementor-element-3f998dd elementor-section-boxed elementor-section-height-default elementor-section-height-default\" data-id=\"3f998dd\" data-element_type=\"section\">\n\t\t\t\t\t\t<div class=\"elementor-container elementor-column-gap-default\">\n\t\t\t\t\t<div class=\"elementor-column elementor-col-100 elementor-top-column elementor-element elementor-element-a3684b9\" data-id=\"a3684b9\" data-element_type=\"column\">\n\t\t\t<div class=\"elementor-widget-wrap elementor-element-populated\">\n\t\t\t\t\t\t<div class=\"elementor-element elementor-element-712cf1d elementor-widget elementor-widget-heading\" data-id=\"712cf1d\" data-element_type=\"widget\" data-widget_type=\"heading.default\">\n\t\t\t\t<div class=\"elementor-widget-container\">\n\t\t\t<h2 class=\"elementor-heading-title elementor-size-default\">Laurier de Platine 1\u00e8re et 2e place<\/h2>\t\t<\/div>\n\t\t\t\t<\/div>\n\t\t\t\t<div class=\"elementor-element elementor-element-8d72b4b elementor-invisible elementor-widget elementor-widget-text-editor\" data-id=\"8d72b4b\" data-element_type=\"widget\" data-settings=\"{&quot;_animation&quot;:&quot;fadeIn&quot;}\" data-widget_type=\"text-editor.default\">\n\t\t\t\t<div class=\"elementor-widget-container\">\n\t\t\t\t\t\t\t<ul><li><a href=\"https:\/\/shop.chateauvaleyres.ch\/fr\/accueil\/43-90-merlot-confidentiel-2024.html#\/30-contenance-75_cl\">Merlot confidentiel<\/a><\/li><li><a href=\"https:\/\/shop.chateauvaleyres.ch\/fr\/accueil\/39-73-de-gallera-2023.html#\/29-contenance-70_cl\">De Gallera<\/a><\/li><\/ul>\t\t\t\t\t\t<\/div>\n\t\t\t\t<\/div>\n\t\t\t\t\t<\/div>\n\t\t<\/div>\n\t\t\t\t\t<\/div>\n\t\t<\/section>\n\t\t\t\t<section class=\"elementor-section elementor-top-section elementor-element elementor-element-92f0e85 elementor-section-boxed elementor-section-height-default elementor-section-height-default\" data-id=\"92f0e85\" data-element_type=\"section\">\n\t\t\t\t\t\t<div class=\"elementor-container elementor-column-gap-default\">\n\t\t\t\t\t<div class=\"elementor-column elementor-col-100 elementor-top-column elementor-element elementor-element-0dee8d5\" data-id=\"0dee8d5\" data-element_type=\"column\">\n\t\t\t<div class=\"elementor-widget-wrap elementor-element-populated\">\n\t\t\t\t\t\t<div class=\"elementor-element elementor-element-a29c2e7 elementor-widget elementor-widget-heading\" data-id=\"a29c2e7\" data-element_type=\"widget\" data-widget_type=\"heading.default\">\n\t\t\t\t<div class=\"elementor-widget-container\">\n\t\t\t<h2 class=\"elementor-heading-title elementor-size-default\">Terravin<\/h2>\t\t<\/div>\n\t\t\t\t<\/div>\n\t\t\t\t<div class=\"elementor-element elementor-element-178d057 elementor-invisible elementor-widget elementor-widget-text-editor\" data-id=\"178d057\" data-element_type=\"widget\" data-settings=\"{&quot;_animation&quot;:&quot;fadeIn&quot;}\" data-widget_type=\"text-editor.default\">\n\t\t\t\t<div class=\"elementor-widget-container\">\n\t\t\t\t\t\t\t<ul><li><a href=\"https:\/\/shop.chateauvaleyres.ch\/fr\/accueil\/26-95-prelude-2024.html#\/29-contenance-70_cl\">Pr\u00e9lude<\/a><\/li><li><a href=\"https:\/\/shop.chateauvaleyres.ch\/fr\/accueil\/35-44-cuvee-origine-2024.html#\/29-contenance-70_cl\">Cuv\u00e9e Origine<\/a><\/li><li><a href=\"https:\/\/shop.chateauvaleyres.ch\/fr\/accueil\/37-66-le-courson-2024.html#\/29-contenance-70_cl\">Le Courson<\/a><\/li><li><a href=\"https:\/\/shop.chateauvaleyres.ch\/fr\/accueil\/39-73-de-gallera-2023.html#\/29-contenance-70_cl\">De Gallera<\/a><\/li><li><a href=\"https:\/\/shop.chateauvaleyres.ch\/fr\/accueil\/41-85-pinot-confidentiel-2023.html#\/30-contenance-75_cl\">Pinot Confidentiel<\/a><\/li><li><a href=\"https:\/\/shop.chateauvaleyres.ch\/fr\/accueil\/40-82-gamay-confidentiel-2023.html#\/30-contenance-75_cl\">Gamay Confidentiel<\/a><\/li><li><a href=\"https:\/\/shop.chateauvaleyres.ch\/fr\/accueil\/38-70-la-cuvee-du-baron-2023.html#\/29-contenance-70_cl\">Pinot La cuv\u00e9e du Baron<\/a><\/li><\/ul>\t\t\t\t\t\t<\/div>\n\t\t\t\t<\/div>\n\t\t\t\t\t<\/div>\n\t\t<\/div>\n\t\t\t\t\t<\/div>\n\t\t<\/section>\n\t\t\t\t<section class=\"elementor-section elementor-top-section elementor-element elementor-element-08c30f7 elementor-section-boxed elementor-section-height-default elementor-section-height-default\" data-id=\"08c30f7\" data-element_type=\"section\">\n\t\t\t\t\t\t<div class=\"elementor-container elementor-column-gap-default\">\n\t\t\t\t\t<div class=\"elementor-column elementor-col-20 elementor-top-column elementor-element elementor-element-bfc7900\" data-id=\"bfc7900\" data-element_type=\"column\">\n\t\t\t<div class=\"elementor-widget-wrap elementor-element-populated\">\n\t\t\t\t\t\t<div class=\"elementor-element elementor-element-9767622 elementor-widget elementor-widget-image\" data-id=\"9767622\" data-element_type=\"widget\" data-widget_type=\"image.default\">\n\t\t\t\t<div class=\"elementor-widget-container\">\n\t\t\t\t\t\t\t\t\t\t\t\t\t<img fetchpriority=\"high\" decoding=\"async\" width=\"440\" height=\"440\" src=\"https:\/\/www.chateauvaleyres.ch\/wp-content\/uploads\/2025\/11\/terravin.png\" class=\"attachment-full size-full wp-image-1220\" alt=\"\" srcset=\"https:\/\/www.chateauvaleyres.ch\/wp-content\/uploads\/2025\/11\/terravin.png 440w, https:\/\/www.chateauvaleyres.ch\/wp-content\/uploads\/2025\/11\/terravin-300x300.png 300w, https:\/\/www.chateauvaleyres.ch\/wp-content\/uploads\/2025\/11\/terravin-150x150.png 150w\" sizes=\"(max-width: 440px) 100vw, 440px\" \/>\t\t\t\t\t\t\t\t\t\t\t\t\t<\/div>\n\t\t\t\t<\/div>\n\t\t\t\t\t<\/div>\n\t\t<\/div>\n\t\t\t\t<div class=\"elementor-column elementor-col-20 elementor-top-column elementor-element elementor-element-f4cc82e\" data-id=\"f4cc82e\" data-element_type=\"column\">\n\t\t\t<div class=\"elementor-widget-wrap elementor-element-populated\">\n\t\t\t\t\t\t<div class=\"elementor-element elementor-element-8710662 elementor-widget elementor-widget-image\" data-id=\"8710662\" data-element_type=\"widget\" data-widget_type=\"image.default\">\n\t\t\t\t<div class=\"elementor-widget-container\">\n\t\t\t\t\t\t\t\t\t\t\t\t\t<img decoding=\"async\" width=\"480\" height=\"463\" src=\"https:\/\/www.chateauvaleyres.ch\/wp-content\/uploads\/2025\/11\/vin-vaudois.png\" class=\"attachment-full size-full wp-image-1232\" alt=\"\" srcset=\"https:\/\/www.chateauvaleyres.ch\/wp-content\/uploads\/2025\/11\/vin-vaudois.png 480w, https:\/\/www.chateauvaleyres.ch\/wp-content\/uploads\/2025\/11\/vin-vaudois-300x289.png 300w\" sizes=\"(max-width: 480px) 100vw, 480px\" \/>\t\t\t\t\t\t\t\t\t\t\t\t\t<\/div>\n\t\t\t\t<\/div>\n\t\t\t\t\t<\/div>\n\t\t<\/div>\n\t\t\t\t<div class=\"elementor-column elementor-col-20 elementor-top-column elementor-element elementor-element-7caad9e\" data-id=\"7caad9e\" data-element_type=\"column\">\n\t\t\t<div class=\"elementor-widget-wrap elementor-element-populated\">\n\t\t\t\t\t\t<div class=\"elementor-element elementor-element-9506426 elementor-widget elementor-widget-image\" data-id=\"9506426\" data-element_type=\"widget\" data-widget_type=\"image.default\">\n\t\t\t\t<div class=\"elementor-widget-container\">\n\t\t\t\t\t\t\t\t\t\t\t\t\t<img decoding=\"async\" width=\"138\" height=\"138\" src=\"https:\/\/www.chateauvaleyres.ch\/wp-content\/uploads\/2025\/11\/grand-prix-vins-suisse.png\" class=\"attachment-full size-full wp-image-1223\" alt=\"\" \/>\t\t\t\t\t\t\t\t\t\t\t\t\t<\/div>\n\t\t\t\t<\/div>\n\t\t\t\t\t<\/div>\n\t\t<\/div>\n\t\t\t\t<div class=\"elementor-column elementor-col-20 elementor-top-column elementor-element elementor-element-cf91452\" data-id=\"cf91452\" data-element_type=\"column\">\n\t\t\t<div class=\"elementor-widget-wrap elementor-element-populated\">\n\t\t\t\t\t\t<div class=\"elementor-element elementor-element-1c5cba3 elementor-widget elementor-widget-image\" data-id=\"1c5cba3\" data-element_type=\"widget\" data-widget_type=\"image.default\">\n\t\t\t\t<div class=\"elementor-widget-container\">\n\t\t\t\t\t\t\t\t\t\t\t\t\t<img loading=\"lazy\" decoding=\"async\" width=\"250\" height=\"250\" src=\"https:\/\/www.chateauvaleyres.ch\/wp-content\/uploads\/2025\/11\/mondial-pinot-1.png\" class=\"attachment-full size-full wp-image-1229\" alt=\"\" srcset=\"https:\/\/www.chateauvaleyres.ch\/wp-content\/uploads\/2025\/11\/mondial-pinot-1.png 250w, https:\/\/www.chateauvaleyres.ch\/wp-content\/uploads\/2025\/11\/mondial-pinot-1-150x150.png 150w\" sizes=\"(max-width: 250px) 100vw, 250px\" \/>\t\t\t\t\t\t\t\t\t\t\t\t\t<\/div>\n\t\t\t\t<\/div>\n\t\t\t\t\t<\/div>\n\t\t<\/div>\n\t\t\t\t<div class=\"elementor-column elementor-col-20 elementor-top-column elementor-element elementor-element-cb57cee\" data-id=\"cb57cee\" data-element_type=\"column\">\n\t\t\t<div class=\"elementor-widget-wrap elementor-element-populated\">\n\t\t\t\t\t\t<div class=\"elementor-element elementor-element-5dfcccd elementor-widget elementor-widget-image\" data-id=\"5dfcccd\" data-element_type=\"widget\" data-widget_type=\"image.default\">\n\t\t\t\t<div class=\"elementor-widget-container\">\n\t\t\t\t\t\t\t\t\t\t\t\t\t<img loading=\"lazy\" decoding=\"async\" width=\"214\" height=\"154\" src=\"https:\/\/www.chateauvaleyres.ch\/wp-content\/uploads\/2025\/11\/mondial-chasselas.png\" class=\"attachment-full size-full wp-image-1211\" alt=\"\" \/>\t\t\t\t\t\t\t\t\t\t\t\t\t<\/div>\n\t\t\t\t<\/div>\n\t\t\t\t\t<\/div>\n\t\t<\/div>\n\t\t\t\t\t<\/div>\n\t\t<\/section>\n\t\t\t\t<section class=\"elementor-section elementor-top-section elementor-element elementor-element-1a25ce5 elementor-section-boxed elementor-section-height-default elementor-section-height-default\" data-id=\"1a25ce5\" data-element_type=\"section\">\n\t\t\t\t\t\t<div class=\"elementor-container elementor-column-gap-default\">\n\t\t\t\t\t<div class=\"elementor-column elementor-col-100 elementor-top-column elementor-element elementor-element-cc31beb\" data-id=\"cc31beb\" data-element_type=\"column\">\n\t\t\t<div class=\"elementor-widget-wrap elementor-element-populated\">\n\t\t\t\t\t\t<div class=\"elementor-element elementor-element-3fe82c2 elementor-widget elementor-widget-spacer\" data-id=\"3fe82c2\" data-element_type=\"widget\" data-widget_type=\"spacer.default\">\n\t\t\t\t<div class=\"elementor-widget-container\">\n\t\t\t\t\t<div class=\"elementor-spacer\">\n\t\t\t<div class=\"elementor-spacer-inner\"><\/div>\n\t\t<\/div>\n\t\t\t\t<\/div>\n\t\t\t\t<\/div>\n\t\t\t\t\t<\/div>\n\t\t<\/div>\n\t\t\t\t\t<\/div>\n\t\t<\/section>\n\t\t\t\t<\/div>\n\t\t","protected":false},"excerpt":{"rendered":"<p>Nos vins m\u00e9daill\u00e9s en 2025 The Cave du Ch\u00e2teau de Valeyres shines once again this year with outstanding awards, a testament to the hard work carried out throughout the year and the team\u2019s expertise. The estate continues to proudly represent the C\u00f4tes de l\u2019Orbe and showcase the terroir of the northern Vaud region. Cliquez sur [&hellip;]<\/p>\n","protected":false},"author":2,"featured_media":0,"parent":0,"menu_order":0,"comment_status":"closed","ping_status":"closed","template":"","meta":{"footnotes":""},"class_list":["post-1330","page","type-page","status-publish","hentry"],"_links":{"self":[{"href":"https:\/\/www.chateauvaleyres.ch\/en\/wp-json\/wp\/v2\/pages\/1330","targetHints":{"allow":["GET"]}}],"collection":[{"href":"https:\/\/www.chateauvaleyres.ch\/en\/wp-json\/wp\/v2\/pages"}],"about":[{"href":"https:\/\/www.chateauvaleyres.ch\/en\/wp-json\/wp\/v2\/types\/page"}],"author":[{"embeddable":true,"href":"https:\/\/www.chateauvaleyres.ch\/en\/wp-json\/wp\/v2\/users\/2"}],"replies":[{"embeddable":true,"href":"https:\/\/www.chateauvaleyres.ch\/en\/wp-json\/wp\/v2\/comments?post=1330"}],"version-history":[{"count":1,"href":"https:\/\/www.chateauvaleyres.ch\/en\/wp-json\/wp\/v2\/pages\/1330\/revisions"}],"predecessor-version":[{"id":1331,"href":"https:\/\/www.chateauvaleyres.ch\/en\/wp-json\/wp\/v2\/pages\/1330\/revisions\/1331"}],"wp:attachment":[{"href":"https:\/\/www.chateauvaleyres.ch\/en\/wp-json\/wp\/v2\/media?parent=1330"}],"curies":[{"name":"wp","href":"https:\/\/api.w.org\/{rel}","templated":true}]}}